{"id":44241,"date":"2024-11-06T08:17:05","date_gmt":"2024-11-06T07:17:05","guid":{"rendered":"https:\/\/litho.themezaa.com\/?page_id=3"},"modified":"2024-11-08T12:54:12","modified_gmt":"2024-11-08T11:54:12","slug":"mentions-legales","status":"publish","type":"page","link":"https:\/\/www.thibault-bois.com\/index.php\/mentions-legales\/","title":{"rendered":"Mentions l\u00e9gales"},"content":{"rendered":"\t\t<div data-elementor-type=\"wp-page\" data-elementor-id=\"44241\" class=\"elementor elementor-44241\" data-elementor-post-type=\"page\">\n\t\t\t\t\t\t<section class=\"elementor-section elementor-top-section elementor-element elementor-element-642a197d elementor-section-boxed elementor-section-height-default elementor-section-height-default\" data-id=\"642a197d\" data-element_type=\"section\" data-e-type=\"section\">\n\t\t\t\t\t\t<div class=\"elementor-container elementor-column-gap-default\">\n\t\t\t\t\t<div class=\" elementor-column elementor-col-16 elementor-top-column elementor-element elementor-element-76e2ec6b elementor-hidden-tablet elementor-hidden-phone\" data-fullscreen-column-settings=\"{&quot;fullscreen&quot;:&quot;&quot;}\" data-id=\"76e2ec6b\" data-element_type=\"column\" data-e-type=\"column\">\n\t\t\t<div class=\"elementor-widget-wrap\">\n\t\t\t\t\t\t\t<\/div>\n\t\t<\/div>\n\t\t\t\t<div class=\" elementor-column elementor-col-66 elementor-top-column elementor-element elementor-element-90f3c64\" data-fullscreen-column-settings=\"{&quot;fullscreen&quot;:&quot;&quot;}\" data-id=\"90f3c64\" data-element_type=\"column\" data-e-type=\"column\">\n\t\t\t<div class=\"elementor-widget-wrap elementor-element-populated\">\n\t\t\t\t\t\t<div class=\"elementor-element elementor-element-59f0680 elementor-widget elementor-widget-litho-heading\" data-id=\"59f0680\" data-element_type=\"widget\" data-e-type=\"widget\" data-widget_type=\"litho-heading.default\">\n\t\t\t\t<div class=\"elementor-widget-container\">\n\t\t\t\t\t<h6 class=\"litho-heading elementor-size-default\"><span class=\"litho-primary-title\">Thibault Fr\u00e8res\n<\/span><\/h6>\t\t\t\t<\/div>\n\t\t\t\t<\/div>\n\t\t\t\t<div class=\"elementor-element elementor-element-cc874a4 elementor-widget elementor-widget-text-editor\" data-id=\"cc874a4\" data-element_type=\"widget\" data-e-type=\"widget\" data-widget_type=\"text-editor.default\">\n\t\t\t\t<div class=\"elementor-widget-container\">\n\t\t\t\t\t\t\t\t\t<p>En vertu de l&rsquo;article 6 de la loi n\u00b0 2004-575 du 21 juin 2004 pour la confiance dans l&rsquo;\u00e9conomie num\u00e9rique, il est pr\u00e9cis\u00e9 aux utilisateurs du site internet&nbsp;<a href=\"https:\/\/www.thibault-bois.com\/\">thibault-bois.com<\/a>&nbsp;l&rsquo;identit\u00e9 des diff\u00e9rents intervenants dans le cadre de sa r\u00e9alisation et de son suivi :<\/p>\n<ul>\n<li>Propri\u00e9taire : Rolland Julien<\/li>\n<li>T\u00e9l\u00e9phone :&nbsp;<a href=\"tel:+33247941504\">02 47 94 15 04<\/a><\/li>\n<li>Adresse email :&nbsp;<\/li>\n<li>Adresse postale : 121 La Gare, 37310 Reignac-sur-Indre<\/li>\n<li>Soci\u00e9t\u00e9 au Capital de : 62 000 \u20ac&nbsp;<\/li>\n<li>Enregistr\u00e9e sous le num\u00e9ro de Siret : 385 379 904 00019<\/li>\n<li>Num\u00e9ro de TVA intracommunautaire : FR22 385 379 904<\/li><\/ul>\t\t\t\t\t\t\t\t<\/div>\n\t\t\t\t<\/div>\n\t\t\t\t<div class=\"elementor-element elementor-element-7875983 elementor-widget elementor-widget-litho-heading\" data-id=\"7875983\" data-element_type=\"widget\" data-e-type=\"widget\" data-widget_type=\"litho-heading.default\">\n\t\t\t\t<div class=\"elementor-widget-container\">\n\t\t\t\t\t<h6 class=\"litho-heading elementor-size-default\"><span class=\"litho-primary-title\">H\u00e9bergement et distribution \n<\/span><\/h6>\t\t\t\t<\/div>\n\t\t\t\t<\/div>\n\t\t\t\t<div class=\"elementor-element elementor-element-95e5efb elementor-widget__width-initial elementor-widget elementor-widget-text-editor\" data-id=\"95e5efb\" data-element_type=\"widget\" data-e-type=\"widget\" data-widget_type=\"text-editor.default\">\n\t\t\t\t<div class=\"elementor-widget-container\">\n\t\t\t\t\t\t\t\t\t<p><b>H\u00e9bergeur :<\/b> IONOS<\/p><p><b>D\u00e9l\u00e9gu\u00e9 \u00e0 la protection des donn\u00e9es :\u00a0<\/b>LF Groupe<\/p><p><b>Autres contributeurs :<\/b>\u00a0cr\u00e9ation du site : \u00a9<a href=\"https:\/\/lagraffinerie.com\/\">\u00a0La Graffinerie<\/a><\/p>\t\t\t\t\t\t\t\t<\/div>\n\t\t\t\t<\/div>\n\t\t\t\t<div class=\"elementor-element elementor-element-d959f78 elementor-widget elementor-widget-litho-heading\" data-id=\"d959f78\" data-element_type=\"widget\" data-e-type=\"widget\" data-widget_type=\"litho-heading.default\">\n\t\t\t\t<div class=\"elementor-widget-container\">\n\t\t\t\t\t<h6 class=\"litho-heading elementor-size-default\"><span class=\"litho-primary-title\">Propri\u00e9t\u00e9 Intellectuelle Et Contrefa\u00e7ons.<\/span><\/h6>\t\t\t\t<\/div>\n\t\t\t\t<\/div>\n\t\t\t\t<div class=\"elementor-element elementor-element-ce4d046 elementor-widget elementor-widget-text-editor\" data-id=\"ce4d046\" data-element_type=\"widget\" data-e-type=\"widget\" data-widget_type=\"text-editor.default\">\n\t\t\t\t<div class=\"elementor-widget-container\">\n\t\t\t\t\t\t\t\t\t<p><b>L&rsquo;entreprise Thibault Fr\u00e8res<\/b>\u00a0est propri\u00e9taire des droits de propri\u00e9t\u00e9 intellectuelle et d\u00e9tient les droits d\u2019usage sur tous les \u00e9l\u00e9ments accessibles sur le site internet, notamment les textes, images, graphismes.<\/p><p>Toute reproduction, repr\u00e9sentation, modification, publication, adaptation de tout ou partie des \u00e9l\u00e9ments du site, quel que soit le moyen ou le proc\u00e9d\u00e9 utilis\u00e9, est interdite, sauf autorisation \u00e9crite pr\u00e9alable de <b>L&rsquo;entreprise Thibault Fr\u00e8res.<\/b><\/p><p>Toute exploitation non autoris\u00e9e du site ou de l\u2019un quelconque des \u00e9l\u00e9ments qu\u2019il contient sera consid\u00e9r\u00e9e comme constitutive d\u2019une contrefa\u00e7on et poursuivie conform\u00e9ment aux dispositions des articles\u00a0<a href=\"https:\/\/www.legifrance.gouv.fr\/affichCodeArticle.do?idArticle=LEGIARTI000032655082&amp;cidTexte=LEGITEXT000006069414&amp;dateTexte=20160605\">L.335-2 et suivants du Code de Propri\u00e9t\u00e9 Intellectuelle<\/a>.<\/p>\t\t\t\t\t\t\t\t<\/div>\n\t\t\t\t<\/div>\n\t\t\t\t<div class=\"elementor-element elementor-element-b66a06a elementor-widget elementor-widget-litho-heading\" data-id=\"b66a06a\" data-element_type=\"widget\" data-e-type=\"widget\" data-widget_type=\"litho-heading.default\">\n\t\t\t\t<div class=\"elementor-widget-container\">\n\t\t\t\t\t<h6 class=\"litho-heading elementor-size-default\"><span class=\"litho-primary-title\">Limitations De Responsabilit\u00e9\n<\/span><\/h6>\t\t\t\t<\/div>\n\t\t\t\t<\/div>\n\t\t\t\t<div class=\"elementor-element elementor-element-1a6055b elementor-widget elementor-widget-text-editor\" data-id=\"1a6055b\" data-element_type=\"widget\" data-e-type=\"widget\" data-widget_type=\"text-editor.default\">\n\t\t\t\t<div class=\"elementor-widget-container\">\n\t\t\t\t\t\t\t\t\t<b>L&rsquo;entreprise Thibault Fr\u00e8res<\/b>\u00a0ne pourra \u00eatre tenu pour responsable des dommages directs et indirects caus\u00e9s au mat\u00e9riel de l\u2019utilisateur, lors de l\u2019acc\u00e8s au site\u00a0<a href=\"https:\/\/www.thibault-bois.com\/\"><b>https:\/\/thibault-bois.com<\/b><\/a>.\n\n<b>L&rsquo;entreprise Thibault Fr\u00e8res<\/b> d\u00e9cline toute responsabilit\u00e9 quant \u00e0 l\u2019utilisation qui pourrait \u00eatre faite des informations et contenus pr\u00e9sents sur <a href=\"https:\/\/www.thibault-bois.com\/\"><b>https:\/\/thibault-bois.com<\/b><\/a>.\n\n<b>L&rsquo;entreprise Thibault Fr\u00e8res<\/b> s\u2019engage \u00e0 s\u00e9curiser au mieux le site <a href=\"https:\/\/www.thibault-bois.com\/\"><b>https:\/\/thibault-bois.com<\/b><\/a>, cependant sa responsabilit\u00e9 ne pourra \u00eatre mise en cause si des donn\u00e9es ind\u00e9sirables sont import\u00e9es et install\u00e9es sur son site \u00e0 son insu.\n\nDes espaces interactifs (espace contact ou commentaires) sont \u00e0 la disposition des utilisateurs. <b>L&rsquo;entreprise Thibault Fr\u00e8res<\/b>\u00a0se r\u00e9serve le droit de supprimer, sans mise en demeure pr\u00e9alable, tout contenu d\u00e9pos\u00e9 dans cet espace qui contreviendrait \u00e0 la l\u00e9gislation applicable en France, en particulier aux dispositions relatives \u00e0 la protection des donn\u00e9es.\n\nLe cas \u00e9ch\u00e9ant, <b>L&rsquo;entreprise Thibault Fr\u00e8res<\/b>\u00a0se r\u00e9serve \u00e9galement la possibilit\u00e9 de mettre en cause la responsabilit\u00e9 civile et\/ou p\u00e9nale de l\u2019utilisateur, notamment en cas de message \u00e0 caract\u00e8re raciste, injurieux, diffamant, ou pornographique, quel que soit le support utilis\u00e9 (texte, photographie \u2026).\t\t\t\t\t\t\t\t<\/div>\n\t\t\t\t<\/div>\n\t\t\t\t<div class=\"elementor-element elementor-element-e2aa2a1 elementor-widget elementor-widget-litho-heading\" data-id=\"e2aa2a1\" data-element_type=\"widget\" data-e-type=\"widget\" data-widget_type=\"litho-heading.default\">\n\t\t\t\t<div class=\"elementor-widget-container\">\n\t\t\t\t\t<h6 class=\"litho-heading elementor-size-default\"><span class=\"litho-primary-title\">Cnil Et Gestion Des Donn\u00e9es Personnelles<\/span><\/h6>\t\t\t\t<\/div>\n\t\t\t\t<\/div>\n\t\t\t\t<div class=\"elementor-element elementor-element-b306527 elementor-widget elementor-widget-text-editor\" data-id=\"b306527\" data-element_type=\"widget\" data-e-type=\"widget\" data-widget_type=\"text-editor.default\">\n\t\t\t\t<div class=\"elementor-widget-container\">\n\t\t\t\t\t\t\t\t\t<p>Conform\u00e9ment aux dispositions de\u00a0<a href=\"https:\/\/www.legifrance.gouv.fr\/affichTexte.do?cidTexte=JORFTEXT000000886460\">la loi 78-17 du 6 janvier 1978 modifi\u00e9e<\/a>, l\u2019utilisateur du site\u00a0\u00a0<a style=\"transition-property: all;\" href=\"https:\/\/www.thibault-bois.com\/\"><span style=\"font-weight: bold;\">https:\/\/thibault-bois.com<\/span><\/a>\u00a0dispose d\u2019un droit d\u2019acc\u00e8s, de modification et de suppression des informations collect\u00e9es. Pour exercer ce droit, envoyez un message \u00e0 notre D\u00e9l\u00e9gu\u00e9 \u00e0 la Protection des Donn\u00e9es :\u00a0<b>Thibault Fr\u00e8res<\/b>.<\/p><p>Pour plus d\u2019informations sur la fa\u00e7on dont nous traitons vos donn\u00e9es (type de donn\u00e9es, finalit\u00e9, destinataire\u2026), lisez notre\u00a0\u00a0<a style=\"transition-property: all;\" href=\"https:\/\/www.thibault-bois.com\/\"><span style=\"font-weight: bold;\">https:\/\/thibault-bois.com<\/span><\/a>\/<b>mentions-legales<\/b>.\u00a0<\/p>\t\t\t\t\t\t\t\t<\/div>\n\t\t\t\t<\/div>\n\t\t\t\t<div class=\"elementor-element elementor-element-ef431a4 elementor-widget elementor-widget-litho-heading\" data-id=\"ef431a4\" data-element_type=\"widget\" data-e-type=\"widget\" data-widget_type=\"litho-heading.default\">\n\t\t\t\t<div class=\"elementor-widget-container\">\n\t\t\t\t\t<h6 class=\"litho-heading elementor-size-default\"><span class=\"litho-primary-title\">Liens Hypertextes Et Cookies\n<\/span><\/h6>\t\t\t\t<\/div>\n\t\t\t\t<\/div>\n\t\t\t\t<div class=\"elementor-element elementor-element-9553bb7 elementor-widget elementor-widget-text-editor\" data-id=\"9553bb7\" data-element_type=\"widget\" data-e-type=\"widget\" data-widget_type=\"text-editor.default\">\n\t\t\t\t<div class=\"elementor-widget-container\">\n\t\t\t\t\t\t\t\t\t<p>Le site\u00a0<a style=\"transition-property: all;\" href=\"https:\/\/www.thibault-bois.com\/\"><span style=\"font-weight: bold;\">https:\/\/thibault-bois.com<\/span><\/a>\u00a0contient des liens hypertextes vers d\u2019autres sites et d\u00e9gage toute responsabilit\u00e9 \u00e0 propos de ces liens externes ou des liens cr\u00e9\u00e9s par d\u2019autres sites vers\u00a0\u00a0<a style=\"transition-property: all;\" href=\"https:\/\/www.thibault-bois.com\/\"><span style=\"font-weight: bold;\">https:\/\/thibault-bois.com<\/span><\/a>\u00a0.<\/p><p>La navigation sur le site\u00a0\u00a0<a style=\"transition-property: all;\" href=\"https:\/\/www.thibault-bois.com\/\"><span style=\"font-weight: bold;\">https:\/\/thibault-bois.com<\/span><\/a>\u00a0\u00a0est susceptible de provoquer l\u2019installation de cookie(s) sur l\u2019ordinateur de l\u2019utilisateur.<\/p><p>Un \u00ab\u00a0cookie\u00a0\u00bb est un fichier de petite taille qui enregistre des informations relatives \u00e0 la navigation d\u2019un utilisateur sur un site. Les donn\u00e9es ainsi obtenues permettent d\u2019obtenir des mesures de fr\u00e9quentation, par exemple.<\/p><p>Vous avez la possibilit\u00e9\u00a0<b>d\u2019accepter ou de refuser les cookies<\/b>\u00a0en modifiant les param\u00e8tres de votre navigateur. Aucun cookie ne sera d\u00e9pos\u00e9 sans votre consentement.<\/p><p>Les cookies sont enregistr\u00e9s pour une dur\u00e9e maximale de\u00a012\u00a0mois.<\/p><p>Pour plus d\u2019informations sur la fa\u00e7on dont nous faisons usage des cookies, lisez notre\u00a0\u00a0<a style=\"transition-property: all;\" href=\"https:\/\/www.thibault-bois.com\/confidentialit\u00e9\"><span style=\"font-weight: bold;\">https:\/\/thibault-bois.com<\/span><\/a>\/<b>confidentialite\/<\/b>.\u00a0<\/p><p>6 \u2013 Droit Applicable Et Attribution De Juridiction.<\/p><p>Tout litige en relation avec l\u2019utilisation du site\u00a0\u00a0<a style=\"transition-property: all;\" href=\"https:\/\/www.thibault-bois.com\/\"><span style=\"font-weight: bold;\">https:\/\/thibault-bois.com<\/span><\/a>\u00a0\u00a0est soumis au droit fran\u00e7ais. En dehors des cas o\u00f9 la loi ne le permet pas, il est fait attribution exclusive de juridiction aux tribunaux comp\u00e9tents de\u00a0<b>Tours<\/b>.<\/p>\t\t\t\t\t\t\t\t<\/div>\n\t\t\t\t<\/div>\n\t\t\t\t\t<\/div>\n\t\t<\/div>\n\t\t\t\t<div class=\" elementor-column elementor-col-16 elementor-top-column elementor-element elementor-element-3b1e856 elementor-hidden-tablet elementor-hidden-phone\" data-fullscreen-column-settings=\"{&quot;fullscreen&quot;:&quot;&quot;}\" data-id=\"3b1e856\" data-element_type=\"column\" data-e-type=\"column\">\n\t\t\t<div class=\"elementor-widget-wrap elementor-element-populated\">\n\t\t\t\t\t\t\t<\/div>\n\t\t<\/div>\n\t\t\t\t\t<\/div>\n\t\t<\/section>\n\t\t\t\t<\/div>\n\t\t","protected":false},"excerpt":{"rendered":"<p>Thibault Fr\u00e8res En vertu de l&rsquo;article 6 de la loi n\u00b0 2004-575 du 21 juin 2004 pour la confiance dans l&rsquo;\u00e9conomie num\u00e9rique, il est pr\u00e9cis\u00e9 aux utilisateurs du site internet&nbsp;thibault-bois.com&nbsp;l&rsquo;identit\u00e9 des diff\u00e9rents intervenants dans le cadre de sa r\u00e9alisation et de son suivi : Propri\u00e9taire : Rolland Julien T\u00e9l\u00e9phone :&nbsp;02 47 94 15 04 Adresse [&hellip;]<\/p>\n","protected":false},"author":1,"featured_media":0,"parent":0,"menu_order":202,"comment_status":"closed","ping_status":"closed","template":"","meta":{"footnotes":""},"class_list":["post-44241","page","type-page","status-publish","hentry"],"yoast_head":"<!-- This site is optimized with the Yoast SEO plugin v27.4 - https:\/\/yoast.com\/product\/yoast-seo-wordpress\/ -->\n<title>Mentions l\u00e9gales - Thibault fr\u00e8res<\/title>\n<meta name=\"robots\" content=\"index, follow, max-snippet:-1, max-image-preview:large, max-video-preview:-1\" \/>\n<link rel=\"canonical\" href=\"https:\/\/www.thibault-bois.com\/index.php\/mentions-legales\/\" \/>\n<meta property=\"og:locale\" content=\"fr_FR\" \/>\n<meta property=\"og:type\" content=\"article\" \/>\n<meta property=\"og:title\" content=\"Mentions l\u00e9gales - Thibault fr\u00e8res\" \/>\n<meta property=\"og:description\" content=\"Thibault Fr\u00e8res En vertu de l&rsquo;article 6 de la loi n\u00b0 2004-575 du 21 juin 2004 pour la confiance dans l&rsquo;\u00e9conomie num\u00e9rique, il est pr\u00e9cis\u00e9 aux utilisateurs du site internet&nbsp;thibault-bois.com&nbsp;l&rsquo;identit\u00e9 des diff\u00e9rents intervenants dans le cadre de sa r\u00e9alisation et de son suivi : Propri\u00e9taire : Rolland Julien T\u00e9l\u00e9phone :&nbsp;02 47 94 15 04 Adresse [&hellip;]\" \/>\n<meta property=\"og:url\" content=\"https:\/\/www.thibault-bois.com\/index.php\/mentions-legales\/\" \/>\n<meta property=\"og:site_name\" content=\"Thibault fr\u00e8res\" \/>\n<meta property=\"article:modified_time\" content=\"2024-11-08T11:54:12+00:00\" \/>\n<meta name=\"twitter:card\" content=\"summary_large_image\" \/>\n<meta name=\"twitter:label1\" content=\"Dur\u00e9e de lecture estim\u00e9e\" \/>\n\t<meta name=\"twitter:data1\" content=\"4 minutes\" \/>\n<script type=\"application\/ld+json\" class=\"yoast-schema-graph\">{\"@context\":\"https:\\\/\\\/schema.org\",\"@graph\":[{\"@type\":\"WebPage\",\"@id\":\"https:\\\/\\\/www.thibault-bois.com\\\/index.php\\\/mentions-legales\\\/\",\"url\":\"https:\\\/\\\/www.thibault-bois.com\\\/index.php\\\/mentions-legales\\\/\",\"name\":\"Mentions l\u00e9gales - Thibault fr\u00e8res\",\"isPartOf\":{\"@id\":\"https:\\\/\\\/www.thibault-bois.com\\\/#website\"},\"datePublished\":\"2024-11-06T07:17:05+00:00\",\"dateModified\":\"2024-11-08T11:54:12+00:00\",\"breadcrumb\":{\"@id\":\"https:\\\/\\\/www.thibault-bois.com\\\/index.php\\\/mentions-legales\\\/#breadcrumb\"},\"inLanguage\":\"fr-FR\",\"potentialAction\":[{\"@type\":\"ReadAction\",\"target\":[\"https:\\\/\\\/www.thibault-bois.com\\\/index.php\\\/mentions-legales\\\/\"]}]},{\"@type\":\"BreadcrumbList\",\"@id\":\"https:\\\/\\\/www.thibault-bois.com\\\/index.php\\\/mentions-legales\\\/#breadcrumb\",\"itemListElement\":[{\"@type\":\"ListItem\",\"position\":1,\"name\":\"Accueil\",\"item\":\"https:\\\/\\\/www.thibault-bois.com\\\/\"},{\"@type\":\"ListItem\",\"position\":2,\"name\":\"Mentions l\u00e9gales\"}]},{\"@type\":\"WebSite\",\"@id\":\"https:\\\/\\\/www.thibault-bois.com\\\/#website\",\"url\":\"https:\\\/\\\/www.thibault-bois.com\\\/\",\"name\":\"Thibault fr\u00e8res\",\"description\":\"\",\"publisher\":{\"@id\":\"https:\\\/\\\/www.thibault-bois.com\\\/#organization\"},\"potentialAction\":[{\"@type\":\"SearchAction\",\"target\":{\"@type\":\"EntryPoint\",\"urlTemplate\":\"https:\\\/\\\/www.thibault-bois.com\\\/?s={search_term_string}\"},\"query-input\":{\"@type\":\"PropertyValueSpecification\",\"valueRequired\":true,\"valueName\":\"search_term_string\"}}],\"inLanguage\":\"fr-FR\"},{\"@type\":\"Organization\",\"@id\":\"https:\\\/\\\/www.thibault-bois.com\\\/#organization\",\"name\":\"Thibault fr\u00e8res\",\"url\":\"https:\\\/\\\/www.thibault-bois.com\\\/\",\"logo\":{\"@type\":\"ImageObject\",\"inLanguage\":\"fr-FR\",\"@id\":\"https:\\\/\\\/www.thibault-bois.com\\\/#\\\/schema\\\/logo\\\/image\\\/\",\"url\":\"https:\\\/\\\/www.thibault-bois.com\\\/wp-content\\\/uploads\\\/2020\\\/09\\\/logoThibaultFreres.jpg\",\"contentUrl\":\"https:\\\/\\\/www.thibault-bois.com\\\/wp-content\\\/uploads\\\/2020\\\/09\\\/logoThibaultFreres.jpg\",\"width\":269,\"height\":87,\"caption\":\"Thibault fr\u00e8res\"},\"image\":{\"@id\":\"https:\\\/\\\/www.thibault-bois.com\\\/#\\\/schema\\\/logo\\\/image\\\/\"}}]}<\/script>\n<!-- \/ Yoast SEO plugin. -->","yoast_head_json":{"title":"Mentions l\u00e9gales - Thibault fr\u00e8res","robots":{"index":"index","follow":"follow","max-snippet":"max-snippet:-1","max-image-preview":"max-image-preview:large","max-video-preview":"max-video-preview:-1"},"canonical":"https:\/\/www.thibault-bois.com\/index.php\/mentions-legales\/","og_locale":"fr_FR","og_type":"article","og_title":"Mentions l\u00e9gales - Thibault fr\u00e8res","og_description":"Thibault Fr\u00e8res En vertu de l&rsquo;article 6 de la loi n\u00b0 2004-575 du 21 juin 2004 pour la confiance dans l&rsquo;\u00e9conomie num\u00e9rique, il est pr\u00e9cis\u00e9 aux utilisateurs du site internet&nbsp;thibault-bois.com&nbsp;l&rsquo;identit\u00e9 des diff\u00e9rents intervenants dans le cadre de sa r\u00e9alisation et de son suivi : Propri\u00e9taire : Rolland Julien T\u00e9l\u00e9phone :&nbsp;02 47 94 15 04 Adresse [&hellip;]","og_url":"https:\/\/www.thibault-bois.com\/index.php\/mentions-legales\/","og_site_name":"Thibault fr\u00e8res","article_modified_time":"2024-11-08T11:54:12+00:00","twitter_card":"summary_large_image","twitter_misc":{"Dur\u00e9e de lecture estim\u00e9e":"4 minutes"},"schema":{"@context":"https:\/\/schema.org","@graph":[{"@type":"WebPage","@id":"https:\/\/www.thibault-bois.com\/index.php\/mentions-legales\/","url":"https:\/\/www.thibault-bois.com\/index.php\/mentions-legales\/","name":"Mentions l\u00e9gales - Thibault fr\u00e8res","isPartOf":{"@id":"https:\/\/www.thibault-bois.com\/#website"},"datePublished":"2024-11-06T07:17:05+00:00","dateModified":"2024-11-08T11:54:12+00:00","breadcrumb":{"@id":"https:\/\/www.thibault-bois.com\/index.php\/mentions-legales\/#breadcrumb"},"inLanguage":"fr-FR","potentialAction":[{"@type":"ReadAction","target":["https:\/\/www.thibault-bois.com\/index.php\/mentions-legales\/"]}]},{"@type":"BreadcrumbList","@id":"https:\/\/www.thibault-bois.com\/index.php\/mentions-legales\/#breadcrumb","itemListElement":[{"@type":"ListItem","position":1,"name":"Accueil","item":"https:\/\/www.thibault-bois.com\/"},{"@type":"ListItem","position":2,"name":"Mentions l\u00e9gales"}]},{"@type":"WebSite","@id":"https:\/\/www.thibault-bois.com\/#website","url":"https:\/\/www.thibault-bois.com\/","name":"Thibault fr\u00e8res","description":"","publisher":{"@id":"https:\/\/www.thibault-bois.com\/#organization"},"potentialAction":[{"@type":"SearchAction","target":{"@type":"EntryPoint","urlTemplate":"https:\/\/www.thibault-bois.com\/?s={search_term_string}"},"query-input":{"@type":"PropertyValueSpecification","valueRequired":true,"valueName":"search_term_string"}}],"inLanguage":"fr-FR"},{"@type":"Organization","@id":"https:\/\/www.thibault-bois.com\/#organization","name":"Thibault fr\u00e8res","url":"https:\/\/www.thibault-bois.com\/","logo":{"@type":"ImageObject","inLanguage":"fr-FR","@id":"https:\/\/www.thibault-bois.com\/#\/schema\/logo\/image\/","url":"https:\/\/www.thibault-bois.com\/wp-content\/uploads\/2020\/09\/logoThibaultFreres.jpg","contentUrl":"https:\/\/www.thibault-bois.com\/wp-content\/uploads\/2020\/09\/logoThibaultFreres.jpg","width":269,"height":87,"caption":"Thibault fr\u00e8res"},"image":{"@id":"https:\/\/www.thibault-bois.com\/#\/schema\/logo\/image\/"}}]}},"_links":{"self":[{"href":"https:\/\/www.thibault-bois.com\/index.php\/wp-json\/wp\/v2\/pages\/44241","targetHints":{"allow":["GET"]}}],"collection":[{"href":"https:\/\/www.thibault-bois.com\/index.php\/wp-json\/wp\/v2\/pages"}],"about":[{"href":"https:\/\/www.thibault-bois.com\/index.php\/wp-json\/wp\/v2\/types\/page"}],"author":[{"embeddable":true,"href":"https:\/\/www.thibault-bois.com\/index.php\/wp-json\/wp\/v2\/users\/1"}],"replies":[{"embeddable":true,"href":"https:\/\/www.thibault-bois.com\/index.php\/wp-json\/wp\/v2\/comments?post=44241"}],"version-history":[{"count":4,"href":"https:\/\/www.thibault-bois.com\/index.php\/wp-json\/wp\/v2\/pages\/44241\/revisions"}],"predecessor-version":[{"id":76723,"href":"https:\/\/www.thibault-bois.com\/index.php\/wp-json\/wp\/v2\/pages\/44241\/revisions\/76723"}],"wp:attachment":[{"href":"https:\/\/www.thibault-bois.com\/index.php\/wp-json\/wp\/v2\/media?parent=44241"}],"curies":[{"name":"wp","href":"https:\/\/api.w.org\/{rel}","templated":true}]}}